{"id":4550,"date":"2025-07-09T01:51:40","date_gmt":"2025-07-09T01:51:40","guid":{"rendered":"https:\/\/pecbag.com\/?post_type=product&#038;p=4550"},"modified":"2025-11-28T09:35:21","modified_gmt":"2025-11-28T09:35:21","slug":"sport-fishing-bag-factory","status":"publish","type":"product","link":"https:\/\/pecbag.com\/se\/sport-fishing-bag-factory\/","title":{"rendered":"Sportfiskev\u00e4ska fabrik"},"content":{"rendered":"<h5 title=\"Vikbar hundv\u00e4ska Andningsbar axelv\u00e4ska f\u00f6r husdjur i mesh f\u00f6r sm\u00e5 husdjur Hundar Katter\" data-immersive-translate-walked=\"1c928421-2e42-4cd3-8754-5404553c0af5\" data-immersive-translate-paragraph=\"1\" data-spm-anchor-id=\"a2700.details.0.i35.4f6757d4w4zNZA\">Premium Sport Fiskev\u00e4ska Fabrik | Vattent\u00e4t v\u00e4ska Fabrik &amp; Teknisk ryggs\u00e4ck Tillverkare | Bulk Export<\/h5>\n<div class=\"flex flex-grow flex-col max-w-full\">\n<div class=\"min-h-[20px] text-message flex w-full flex-col items-end gap-2 whitespace-pre-wrap break-words [.text-message+&amp;]:mt-5 overflow-x-auto\" dir=\"auto\" data-message-author-role=\"assistant\" data-message-id=\"3d7d46f6-7ec2-4222-9257-48fa0bba23c6\" data-suggestions=\"true\">\n<div class=\"flex w-full flex-col gap-1 empty:hidden first:pt-[3px]\">\n<div class=\"markdown prose w-full break-words dark:prose-invert light\">\n<p class=\"ds-markdown-paragraph\">Beh\u00f6ver du fiskev\u00e4skor i t\u00e4vlingsklass som \u00e4r byggda f\u00f6r saltvattenf\u00f6rh\u00e5llanden?<\/p>\n<p class=\"ds-markdown-paragraph\">Som en ledande Sport Fishing Bag Factory och ISO-certifierad vattent\u00e4t v\u00e4skfabrik i Fishing Bag China, konstruerar vi professionell sportfiskeutrustning med korrosionsbest\u00e4ndiga blixtl\u00e5s, neds\u00e4nkbara fack och stavhanteringssystem som betrodda av proffsfiskare \u00f6ver hela v\u00e4rlden.<\/p>\n<p class=\"ds-markdown-paragraph\">Samarbeta med v\u00e5rt Fishing Bag Company - din strategiska Fishing Bag-leverant\u00f6r - f\u00f6r s\u00f6ml\u00f6s Fishing Bag-export till Fishing Bag-grossister, utomhusbutiker och Fishing Bag-f\u00f6rs\u00e4ljare globalt.<\/p>\n<table width=\"288\">\n<tbody>\n<tr>\n<td width=\"137\"><span style=\"color: #333333;\">Produkter Namn<\/span><\/td>\n<td width=\"151\">Cykelv\u00e4ska<\/td>\n<\/tr>\n<tr>\n<td><span style=\"color: #333333;\">Artikel nr.<\/span><\/td>\n<td><span style=\"color: #333333;\">PB-2142<\/span><\/td>\n<\/tr>\n<tr>\n<td><span style=\"color: #333333;\">Material<\/span><\/td>\n<td>Polyester<\/td>\n<\/tr>\n<tr>\n<td><span style=\"color: #333333;\">Storlek<\/span><\/td>\n<td>21,5 * 32 * 14 cm<\/td>\n<\/tr>\n<tr>\n<td><span style=\"color: #333333;\">\u00a0Leveranstid<\/span><\/td>\n<td><span style=\"color: #333333;\">1-5 dagar f\u00f6r liten m\u00e4ngd med flyg och 30-35 dagar f\u00f6r stor m\u00e4ngd till sj\u00f6ss<\/span><\/td>\n<\/tr>\n<\/tbody>\n<\/table>\n<p class=\"ds-markdown-paragraph\"><strong>Varf\u00f6r Pro Outfitters v\u00e4ljer v\u00e5r fabrik:<\/strong><br \/>\n\ud83c\udfa3 <strong>Benchmarks f\u00f6r branschen:<\/strong>\u00a063% YoY-tillv\u00e4xt f\u00f6r fiskedistribut\u00f6rer<br \/>\n\u2705 Full fiskev\u00e4ska ODM \/ OEM &amp; fiskev\u00e4ska privat etikett<br \/>\n\u2705 L\u00e5g MOQ Fiskev\u00e4ska bulk<br \/>\n\u2705 Saltvattenanpassad konstruktion (316L rostfri h\u00e5rdvara)<br \/>\n\u2705 Dubbla ryggs\u00e4ckstillverkare linjer: Fiskev\u00e4skor + taktisk utrustning<\/p>\n<p class=\"ds-markdown-paragraph\"><strong>Angler-godk\u00e4nda funktioner:<\/strong><br \/>\n- IPX8 vattent\u00e4tt huvudfack (30+ minuters neds\u00e4nkning)<br \/>\n- M\u00f6gelbest\u00e4ndig PVC-botten + sj\u00e4lvdr\u00e4nerande spygatter<br \/>\n- Anpassningsbara sp\u00f6h\u00e5llare + integrering av redskapsl\u00e5da<br \/>\n- Fiskblod\/UV-resistenta tyger<br \/>\n- Varum\u00e4rkesanpassning via Fiskev\u00e4ska OEM<\/p>\n<\/div>\n<\/div>\n<\/div>\n<\/div>","protected":false},"excerpt":{"rendered":"<h2 data-immersive-translate-walked=\"344be1c1-5052-41eb-8fcd-0dbe236a0d6b\" data-immersive-translate-paragraph=\"1\">Sportfiskev\u00e4ska fabrik<\/h2>\n<div class=\"sliderTable mt10 mb10 sliderTable-index0\">\n<div class=\"inner\">\n<p>1. En fiskev\u00e4ska med stor kapacitet kan anv\u00e4ndas f\u00f6r att f\u00f6rvara fiskerullar, beten, t\u00e4nger, krokar, l\u00e5dor och andra fiskeredskap.<br \/>\n2. Tillverkad av h\u00f6gkvalitativ polyester, vattent\u00e4t och rivt\u00e5lig, slitstark och h\u00e5llbar, har l\u00e5ng livsl\u00e4ngd.<br \/>\n3. Fickor med dragkedja framtill och p\u00e5 sidorna h\u00e5ller sakerna organiserade och s\u00e4kra, l\u00e4tta att \u00f6ppna och st\u00e4nga.<br \/>\n4. Avtagbar justerbar axelrem, bekv\u00e4m att b\u00e4ra, kan anv\u00e4ndas som axelremsv\u00e4ska eller som fickor.<br \/>\n5. N\u00e4tficka, l\u00e4tt att komma \u00e5t sm\u00e5 tillbeh\u00f6r, kan effektivt f\u00f6rvara fiskerullar.<\/p>\n<\/div>\n<\/div>","protected":false},"featured_media":4555,"template":"","meta":{"_uag_custom_page_level_css":""},"product_brand":[],"product_cat":[48,64],"product_tag":[],"class_list":{"0":"post-4550","1":"product","2":"type-product","3":"status-publish","4":"has-post-thumbnail","6":"product_cat-bike-bag","7":"product_cat-shoulder-bag","9":"first","10":"instock","11":"shipping-taxable","12":"product-type-simple"},"uagb_featured_image_src":{"full":["https:\/\/pecbag.com\/wp-content\/uploads\/2025\/07\/Sport-Fishing-Bag-Factories-6.jpeg",960,960,false],"thumbnail":["https:\/\/pecbag.com\/wp-content\/uploads\/2025\/07\/Sport-Fishing-Bag-Factories-6-150x150.jpeg",150,150,true],"medium":["https:\/\/pecbag.com\/wp-content\/uploads\/2025\/07\/Sport-Fishing-Bag-Factories-6-300x300.jpeg",300,300,true],"medium_large":["https:\/\/pecbag.com\/wp-content\/uploads\/2025\/07\/Sport-Fishing-Bag-Factories-6-768x768.jpeg",768,768,true],"large":["https:\/\/pecbag.com\/wp-content\/uploads\/2025\/07\/Sport-Fishing-Bag-Factories-6.jpeg",800,800,false],"1536x1536":["https:\/\/pecbag.com\/wp-content\/uploads\/2025\/07\/Sport-Fishing-Bag-Factories-6.jpeg",960,960,false],"2048x2048":["https:\/\/pecbag.com\/wp-content\/uploads\/2025\/07\/Sport-Fishing-Bag-Factories-6.jpeg",960,960,false],"trp-custom-language-flag":["https:\/\/pecbag.com\/wp-content\/uploads\/2025\/07\/Sport-Fishing-Bag-Factories-6-12x12.jpeg",12,12,true],"woocommerce_thumbnail":["https:\/\/pecbag.com\/wp-content\/uploads\/2025\/07\/Sport-Fishing-Bag-Factories-6-300x300.jpeg",300,300,true],"woocommerce_single":["https:\/\/pecbag.com\/wp-content\/uploads\/2025\/07\/Sport-Fishing-Bag-Factories-6-600x600.jpeg",600,600,true],"woocommerce_gallery_thumbnail":["https:\/\/pecbag.com\/wp-content\/uploads\/2025\/07\/Sport-Fishing-Bag-Factories-6-100x100.jpeg",100,100,true]},"uagb_author_info":{"display_name":"Lawrence","author_link":"https:\/\/pecbag.com\/se\/author\/"},"uagb_comment_info":0,"uagb_excerpt":"Sport Fishing Bag Factory 1. A fishing bag with a large capacity can be used to store fishing reels, baits, pliers, hooks, boxes, and other fishing gear. 2. Made of high-quality polyester, waterproof and tear\u2011resistant, wear\u2011resistant and durable, has a long service life. 3. Zipper front\/side pockets keep things organized and safe, easy to open&hellip;","_links":{"self":[{"href":"https:\/\/pecbag.com\/se\/wp-json\/wp\/v2\/product\/4550","targetHints":{"allow":["GET"]}}],"collection":[{"href":"https:\/\/pecbag.com\/se\/wp-json\/wp\/v2\/product"}],"about":[{"href":"https:\/\/pecbag.com\/se\/wp-json\/wp\/v2\/types\/product"}],"wp:featuredmedia":[{"embeddable":true,"href":"https:\/\/pecbag.com\/se\/wp-json\/wp\/v2\/media\/4555"}],"wp:attachment":[{"href":"https:\/\/pecbag.com\/se\/wp-json\/wp\/v2\/media?parent=4550"}],"wp:term":[{"taxonomy":"product_brand","embeddable":true,"href":"https:\/\/pecbag.com\/se\/wp-json\/wp\/v2\/product_brand?post=4550"},{"taxonomy":"product_cat","embeddable":true,"href":"https:\/\/pecbag.com\/se\/wp-json\/wp\/v2\/product_cat?post=4550"},{"taxonomy":"product_tag","embeddable":true,"href":"https:\/\/pecbag.com\/se\/wp-json\/wp\/v2\/product_tag?post=4550"}],"curies":[{"name":"wp","href":"https:\/\/api.w.org\/{rel}","templated":true}]}}