{"id":4641,"date":"2025-07-11T01:50:31","date_gmt":"2025-07-11T01:50:31","guid":{"rendered":"https:\/\/pecbag.com\/?post_type=product&#038;p=4641"},"modified":"2025-11-28T09:34:36","modified_gmt":"2025-11-28T09:34:36","slug":"china-chest-bag-men-factories","status":"publish","type":"product","link":"https:\/\/pecbag.com\/se\/china-chest-bag-men-factories\/","title":{"rendered":"Kina Br\u00f6stv\u00e4ska m\u00e4n fabriker"},"content":{"rendered":"<h5 title=\"Vikbar hundv\u00e4ska Andningsbar axelv\u00e4ska f\u00f6r husdjur i mesh f\u00f6r sm\u00e5 husdjur Hundar Katter\" data-immersive-translate-walked=\"1c928421-2e42-4cd3-8754-5404553c0af5\" data-immersive-translate-paragraph=\"1\" data-spm-anchor-id=\"a2700.details.0.i35.4f6757d4w4zNZA\">Premium Kina Mens Chest Bag Factory | Vattent\u00e4t v\u00e4ska Factory &amp; Urban Backpack Tillverkare | Bulk OEM<\/h5>\n<div class=\"flex flex-grow flex-col max-w-full\">\n<div class=\"min-h-[20px] text-message flex w-full flex-col items-end gap-2 whitespace-pre-wrap break-words [.text-message+&amp;]:mt-5 overflow-x-auto\" dir=\"auto\" data-message-author-role=\"assistant\" data-message-id=\"3d7d46f6-7ec2-4222-9257-48fa0bba23c6\" data-suggestions=\"true\">\n<div class=\"flex w-full flex-col gap-1 empty:hidden first:pt-[3px]\">\n<div class=\"markdown prose w-full break-words dark:prose-invert light\">\n<p class=\"ds-markdown-paragraph\">Beh\u00f6ver du robusta br\u00f6stv\u00e4skor f\u00f6r m\u00e4n direkt fr\u00e5n en kinesisk fabrik?<\/p>\n<p class=\"ds-markdown-paragraph\">Som en certifierad China Mens Chest Bag Factory och ISO 9001 vattent\u00e4t v\u00e4skfabrik konstruerar vi maskulina taktiska riggar med ergonomiska selesystem, st\u00f6ldskyddsteknik och stadsklara m\u00f6nster som s\u00e4kerhetspersonal och utomhusm\u00e4rken litar p\u00e5.<\/p>\n<table width=\"288\">\n<tbody>\n<tr>\n<td width=\"137\"><span style=\"color: #333333;\">Produkter Namn<\/span><\/td>\n<td width=\"151\">Br\u00f6stkorgsv\u00e4ska<\/td>\n<\/tr>\n<tr>\n<td><span style=\"color: #333333;\">Artikel nr.<\/span><\/td>\n<td><span style=\"color: #333333;\">PB-2146<\/span><\/td>\n<\/tr>\n<tr>\n<td><span style=\"color: #333333;\">Material<\/span><\/td>\n<td>Polyester<\/td>\n<\/tr>\n<tr>\n<td><span style=\"color: #333333;\">Storlek<\/span><\/td>\n<td>51 x 5 x 30 cm<\/td>\n<\/tr>\n<tr>\n<td><span style=\"color: #333333;\">\u00a0Leveranstid<\/span><\/td>\n<td><span style=\"color: #333333;\">1-5 dagar f\u00f6r liten m\u00e4ngd med flyg och 30-35 dagar f\u00f6r stor m\u00e4ngd till sj\u00f6ss<\/span><\/td>\n<\/tr>\n<\/tbody>\n<\/table>\n<h3>Varf\u00f6r globala k\u00f6pare v\u00e4ljer oss:<\/h3>\n<p class=\"ds-markdown-paragraph\">\ud83c\udfed\u00a0<strong>Fabriksdirekta f\u00f6rdelar:<\/strong><\/p>\n<ul>\n<li>\n<p class=\"ds-markdown-paragraph\">L\u00e5g MOQ Chest Bag bulk (300+ enheter)<\/p>\n<\/li>\n<li>\n<p class=\"ds-markdown-paragraph\">Br\u00f6stv\u00e4ska ODM \/ OEM &amp; Br\u00f6stv\u00e4ska privat etikett<\/p>\n<\/li>\n<li>\n<p class=\"ds-markdown-paragraph\">EXW\/FOB Br\u00f6stv\u00e4ska exportvillkor<\/p>\n<\/li>\n<li>\n<p class=\"ds-markdown-paragraph\">Tillverkningslinjer f\u00f6r dubbla ryggs\u00e4ckar<\/p>\n<\/li>\n<\/ul>\n<p class=\"ds-markdown-paragraph\">\ud83d\udd27\u00a0<strong>M\u00e4nnens specifika teknik:<\/strong><br \/>\n-\u00a0<strong>Ergonomisk X-h\u00e4lsa<\/strong>\u00a0(viktf\u00f6rdelad f\u00f6r manliga ramar)<br \/>\n-\u00a0<strong>Urban taktisk design<\/strong>\u00a0(diskret men \u00e4nd\u00e5 tillg\u00e4nglig)<br \/>\n-\u00a0<strong>Anpassning av storlek<\/strong>\u00a0(justerbar f\u00f6r 160-200 cm h\u00f6jd)<br \/>\n-\u00a0<strong>Uppgraderingar av material<\/strong>\u00a0(900D ballistisk nylon + YKK-dragkedjor)<\/p>\n<\/div>\n<\/div>\n<\/div>\n<\/div>","protected":false},"excerpt":{"rendered":"<h2 data-immersive-translate-walked=\"344be1c1-5052-41eb-8fcd-0dbe236a0d6b\" data-immersive-translate-paragraph=\"1\">Kina Br\u00f6stv\u00e4ska m\u00e4n fabriker<\/h2>\n<div class=\"sliderTable mt10 mb10 sliderTable-index0\">\n<div class=\"inner\">Denna br\u00f6stv\u00e4ska \u00e4r tillverkad av h\u00f6gkvalitativt tyg och har en smidig och stark dragkedja och r\u00e4cker f\u00f6r att f\u00f6rvara din pl\u00e5nbok, mobiltelefon, uppladdningsbart batteri, h\u00f6rlurar, n\u00e4sdukar, handsprit och andra dagliga n\u00f6dv\u00e4ndigheter.<\/div>\n<div class=\"inner\">Andningsbart n\u00e4tmaterial p\u00e5 baksidan g\u00f6r att du k\u00e4nner dig sval och bekv\u00e4m. Det \u00e4r en sportv\u00e4ska f\u00f6r alla \u00e5rstider.<\/div>\n<\/div>","protected":false},"featured_media":4643,"template":"","meta":{"_uag_custom_page_level_css":""},"product_brand":[],"product_cat":[61,45],"product_tag":[],"class_list":{"0":"post-4641","1":"product","2":"type-product","3":"status-publish","4":"has-post-thumbnail","6":"product_cat-chest-bag","7":"product_cat-hiking-bag","9":"first","10":"instock","11":"shipping-taxable","12":"product-type-simple"},"uagb_featured_image_src":{"full":["https:\/\/pecbag.com\/wp-content\/uploads\/2025\/07\/China-Chest-Bag-Men-Factories-2.jpg",1500,1491,false],"thumbnail":["https:\/\/pecbag.com\/wp-content\/uploads\/2025\/07\/China-Chest-Bag-Men-Factories-2-150x150.jpg",150,150,true],"medium":["https:\/\/pecbag.com\/wp-content\/uploads\/2025\/07\/China-Chest-Bag-Men-Factories-2-300x298.jpg",300,298,true],"medium_large":["https:\/\/pecbag.com\/wp-content\/uploads\/2025\/07\/China-Chest-Bag-Men-Factories-2-768x763.jpg",768,763,true],"large":["https:\/\/pecbag.com\/wp-content\/uploads\/2025\/07\/China-Chest-Bag-Men-Factories-2-1024x1018.jpg",800,795,true],"1536x1536":["https:\/\/pecbag.com\/wp-content\/uploads\/2025\/07\/China-Chest-Bag-Men-Factories-2.jpg",1500,1491,false],"2048x2048":["https:\/\/pecbag.com\/wp-content\/uploads\/2025\/07\/China-Chest-Bag-Men-Factories-2.jpg",1500,1491,false],"trp-custom-language-flag":["https:\/\/pecbag.com\/wp-content\/uploads\/2025\/07\/China-Chest-Bag-Men-Factories-2-12x12.jpg",12,12,true],"woocommerce_thumbnail":["https:\/\/pecbag.com\/wp-content\/uploads\/2025\/07\/China-Chest-Bag-Men-Factories-2-300x300.jpg",300,300,true],"woocommerce_single":["https:\/\/pecbag.com\/wp-content\/uploads\/2025\/07\/China-Chest-Bag-Men-Factories-2-600x596.jpg",600,596,true],"woocommerce_gallery_thumbnail":["https:\/\/pecbag.com\/wp-content\/uploads\/2025\/07\/China-Chest-Bag-Men-Factories-2-100x100.jpg",100,100,true]},"uagb_author_info":{"display_name":"Lawrence","author_link":"https:\/\/pecbag.com\/se\/author\/"},"uagb_comment_info":0,"uagb_excerpt":"China Chest Bag Men Factories Made of high-quality fabric and a smooth and strong zipper, this chest bag is enough to store your wallet, cell phone, rechargeable battery, headphones, tissues, hand sanitizer and other daily necessities. Breathable back mesh fabric makes you feel cool and comfortable. It's a sports chest bag for all seasons.","_links":{"self":[{"href":"https:\/\/pecbag.com\/se\/wp-json\/wp\/v2\/product\/4641","targetHints":{"allow":["GET"]}}],"collection":[{"href":"https:\/\/pecbag.com\/se\/wp-json\/wp\/v2\/product"}],"about":[{"href":"https:\/\/pecbag.com\/se\/wp-json\/wp\/v2\/types\/product"}],"wp:featuredmedia":[{"embeddable":true,"href":"https:\/\/pecbag.com\/se\/wp-json\/wp\/v2\/media\/4643"}],"wp:attachment":[{"href":"https:\/\/pecbag.com\/se\/wp-json\/wp\/v2\/media?parent=4641"}],"wp:term":[{"taxonomy":"product_brand","embeddable":true,"href":"https:\/\/pecbag.com\/se\/wp-json\/wp\/v2\/product_brand?post=4641"},{"taxonomy":"product_cat","embeddable":true,"href":"https:\/\/pecbag.com\/se\/wp-json\/wp\/v2\/product_cat?post=4641"},{"taxonomy":"product_tag","embeddable":true,"href":"https:\/\/pecbag.com\/se\/wp-json\/wp\/v2\/product_tag?post=4641"}],"curies":[{"name":"wp","href":"https:\/\/api.w.org\/{rel}","templated":true}]}}