{"id":4735,"date":"2025-07-14T01:12:04","date_gmt":"2025-07-14T01:12:04","guid":{"rendered":"https:\/\/pecbag.com\/?post_type=product&#038;p=4735"},"modified":"2025-11-28T09:33:58","modified_gmt":"2025-11-28T09:33:58","slug":"mens-chest-bag-manufacturers","status":"publish","type":"product","link":"https:\/\/pecbag.com\/se\/mens-chest-bag-manufacturers\/","title":{"rendered":"Tillverkare av br\u00f6stv\u00e4skor f\u00f6r m\u00e4n"},"content":{"rendered":"<h5 title=\"Vikbar hundv\u00e4ska Andningsbar axelv\u00e4ska f\u00f6r husdjur i mesh f\u00f6r sm\u00e5 husdjur Hundar Katter\" data-immersive-translate-walked=\"1c928421-2e42-4cd3-8754-5404553c0af5\" data-immersive-translate-paragraph=\"1\" data-spm-anchor-id=\"a2700.details.0.i35.4f6757d4w4zNZA\">Premium Mens Chest Bag Tillverkare | Vattent\u00e4t v\u00e4ska Fabrik &amp; Taktisk ryggs\u00e4ck Tillverkare | Bulk Solutions<\/h5>\n<div class=\"flex flex-grow flex-col max-w-full\">\n<div class=\"min-h-[20px] text-message flex w-full flex-col items-end gap-2 whitespace-pre-wrap break-words [.text-message+&amp;]:mt-5 overflow-x-auto\" dir=\"auto\" data-message-author-role=\"assistant\" data-message-id=\"3d7d46f6-7ec2-4222-9257-48fa0bba23c6\" data-suggestions=\"true\">\n<div class=\"flex w-full flex-col gap-1 empty:hidden first:pt-[3px]\">\n<div class=\"markdown prose w-full break-words dark:prose-invert light\">\n<p class=\"ds-markdown-paragraph\">Beh\u00f6ver du robusta br\u00f6stv\u00e4skor f\u00f6r m\u00e4n som \u00e4r byggda f\u00f6r professionell anv\u00e4ndning?<\/p>\n<p class=\"ds-markdown-paragraph\">Som ledande tillverkare av br\u00f6stv\u00e4skor f\u00f6r m\u00e4n och en ISO-certifierad fabrik f\u00f6r vattent\u00e4ta v\u00e4skor utvecklar vi br\u00f6stv\u00e4skor f\u00f6r m\u00e4n med anatomiska selar, taktiska funktioner och h\u00e5llbar konstruktion, som s\u00e4kerhetspersonal och friluftsm\u00e4rken v\u00e4rlden \u00f6ver litar p\u00e5.<\/p>\n<table width=\"288\">\n<tbody>\n<tr>\n<td width=\"137\"><span style=\"color: #333333;\">Produkter Namn<\/span><\/td>\n<td width=\"151\">Br\u00f6stkorgsv\u00e4ska<\/td>\n<\/tr>\n<tr>\n<td><span style=\"color: #333333;\">Artikel nr.<\/span><\/td>\n<td><span style=\"color: #333333;\">PB-2150<\/span><\/td>\n<\/tr>\n<tr>\n<td><span style=\"color: #333333;\">Material<\/span><\/td>\n<td>Polyester<\/td>\n<\/tr>\n<tr>\n<td><span style=\"color: #333333;\">Storlek<\/span><\/td>\n<td>26 x 7 x 16 cm<\/td>\n<\/tr>\n<tr>\n<td><span style=\"color: #333333;\">\u00a0Leveranstid<\/span><\/td>\n<td><span style=\"color: #333333;\">1-5 dagar f\u00f6r liten m\u00e4ngd med flyg och 30-35 dagar f\u00f6r stor m\u00e4ngd till sj\u00f6ss<\/span><\/td>\n<\/tr>\n<\/tbody>\n<\/table>\n<h3>Varf\u00f6r v\u00e4lja v\u00e5r tillverkning:<\/h3>\n<p class=\"ds-markdown-paragraph\">\ud83c\udfed\u00a0<strong>Fabriksdirekta f\u00f6rdelar:<\/strong><\/p>\n<ul>\n<li>\n<p class=\"ds-markdown-paragraph\">Br\u00f6stv\u00e4ska bulkproduktion (300+ MOQ)<\/p>\n<\/li>\n<li>\n<p class=\"ds-markdown-paragraph\">Full br\u00f6stv\u00e4ska ODM \/ OEM &amp; br\u00f6stv\u00e4ska privat etikett<\/p>\n<\/li>\n<li>\n<p class=\"ds-markdown-paragraph\">Expertis f\u00f6r export av br\u00f6stv\u00e4skor (FOB\/EXW-villkor)<\/p>\n<\/li>\n<li>\n<p class=\"ds-markdown-paragraph\">Chest Bag Kina-hubb med global frakt<\/p>\n<\/li>\n<\/ul>\n<p class=\"ds-markdown-paragraph\">\ud83d\udd27\u00a0<strong>M\u00e4nnens specifika teknik:<\/strong><br \/>\n- Anatomisk X-h\u00e4lsare (viktf\u00f6rdelad f\u00f6r manliga ramar)<br \/>\n- Ut\u00f6kat bandomr\u00e5de (passar 160-200 cm l\u00e4ngd)<br \/>\n- F\u00f6rst\u00e4rkta belastningspunkter (1000D Cordura\u00ae)<br \/>\n- Svettavvisande AirMesh-ryggpaneler<\/p>\n<\/div>\n<\/div>\n<\/div>\n<\/div>","protected":false},"excerpt":{"rendered":"<h2 data-immersive-translate-walked=\"344be1c1-5052-41eb-8fcd-0dbe236a0d6b\" data-immersive-translate-paragraph=\"1\">Tillverkare av br\u00f6stv\u00e4skor f\u00f6r m\u00e4n<\/h2>\n<div class=\"sliderTable mt10 mb10 sliderTable-index0\">\n<div class=\"inner\">Med tre unika fickor som \u00e4r utformade f\u00f6r alla prylar du beh\u00f6ver, kan v\u00e5r br\u00f6stv\u00e4ska f\u00f6r l\u00f6pning f\u00f6rvara det du beh\u00f6ver f\u00f6r din dagliga rutin.<\/div>\n<div class=\"inner\">Med flera fack som \u00e4r utformade f\u00f6r olika prylar s\u00e4kerst\u00e4ller v\u00e5r br\u00f6stv\u00e4ska att allt du beh\u00f6ver \u00e4r l\u00e4ttillg\u00e4ngligt. Spara tid p\u00e5 att leta efter dina saker och f\u00e5 mer tid \u00f6ver till att svettas.<\/div>\n<\/div>","protected":false},"featured_media":4740,"template":"","meta":{"_uag_custom_page_level_css":""},"product_brand":[],"product_cat":[61],"product_tag":[],"class_list":{"0":"post-4735","1":"product","2":"type-product","3":"status-publish","4":"has-post-thumbnail","6":"product_cat-chest-bag","8":"first","9":"instock","10":"shipping-taxable","11":"product-type-simple"},"uagb_featured_image_src":{"full":["https:\/\/pecbag.com\/wp-content\/uploads\/2025\/07\/Mens-Chest-Bag-Manufacturers-5.jpeg",1500,1500,false],"thumbnail":["https:\/\/pecbag.com\/wp-content\/uploads\/2025\/07\/Mens-Chest-Bag-Manufacturers-5-150x150.jpeg",150,150,true],"medium":["https:\/\/pecbag.com\/wp-content\/uploads\/2025\/07\/Mens-Chest-Bag-Manufacturers-5-300x300.jpeg",300,300,true],"medium_large":["https:\/\/pecbag.com\/wp-content\/uploads\/2025\/07\/Mens-Chest-Bag-Manufacturers-5-768x768.jpeg",768,768,true],"large":["https:\/\/pecbag.com\/wp-content\/uploads\/2025\/07\/Mens-Chest-Bag-Manufacturers-5-1024x1024.jpeg",800,800,true],"1536x1536":["https:\/\/pecbag.com\/wp-content\/uploads\/2025\/07\/Mens-Chest-Bag-Manufacturers-5.jpeg",1500,1500,false],"2048x2048":["https:\/\/pecbag.com\/wp-content\/uploads\/2025\/07\/Mens-Chest-Bag-Manufacturers-5.jpeg",1500,1500,false],"trp-custom-language-flag":["https:\/\/pecbag.com\/wp-content\/uploads\/2025\/07\/Mens-Chest-Bag-Manufacturers-5-12x12.jpeg",12,12,true],"woocommerce_thumbnail":["https:\/\/pecbag.com\/wp-content\/uploads\/2025\/07\/Mens-Chest-Bag-Manufacturers-5-300x300.jpeg",300,300,true],"woocommerce_single":["https:\/\/pecbag.com\/wp-content\/uploads\/2025\/07\/Mens-Chest-Bag-Manufacturers-5-600x600.jpeg",600,600,true],"woocommerce_gallery_thumbnail":["https:\/\/pecbag.com\/wp-content\/uploads\/2025\/07\/Mens-Chest-Bag-Manufacturers-5-100x100.jpeg",100,100,true]},"uagb_author_info":{"display_name":"Lawrence","author_link":"https:\/\/pecbag.com\/se\/author\/"},"uagb_comment_info":0,"uagb_excerpt":"Mens Chest Bag Manufacturers With three unique pockets designed for every gadget you need, our running chest bag can store you needs for your daily routine. With multiple compartments designed for different gadgets, our chest pack ensures that everything you need is easily accessible. Save time looking for your things and have more time to&hellip;","_links":{"self":[{"href":"https:\/\/pecbag.com\/se\/wp-json\/wp\/v2\/product\/4735","targetHints":{"allow":["GET"]}}],"collection":[{"href":"https:\/\/pecbag.com\/se\/wp-json\/wp\/v2\/product"}],"about":[{"href":"https:\/\/pecbag.com\/se\/wp-json\/wp\/v2\/types\/product"}],"wp:featuredmedia":[{"embeddable":true,"href":"https:\/\/pecbag.com\/se\/wp-json\/wp\/v2\/media\/4740"}],"wp:attachment":[{"href":"https:\/\/pecbag.com\/se\/wp-json\/wp\/v2\/media?parent=4735"}],"wp:term":[{"taxonomy":"product_brand","embeddable":true,"href":"https:\/\/pecbag.com\/se\/wp-json\/wp\/v2\/product_brand?post=4735"},{"taxonomy":"product_cat","embeddable":true,"href":"https:\/\/pecbag.com\/se\/wp-json\/wp\/v2\/product_cat?post=4735"},{"taxonomy":"product_tag","embeddable":true,"href":"https:\/\/pecbag.com\/se\/wp-json\/wp\/v2\/product_tag?post=4735"}],"curies":[{"name":"wp","href":"https:\/\/api.w.org\/{rel}","templated":true}]}}