{"id":4749,"date":"2025-07-15T02:17:46","date_gmt":"2025-07-15T02:17:46","guid":{"rendered":"https:\/\/pecbag.com\/?post_type=product&#038;p=4749"},"modified":"2025-11-28T09:33:05","modified_gmt":"2025-11-28T09:33:05","slug":"gym-bag-china-manufacturer","status":"publish","type":"product","link":"https:\/\/pecbag.com\/se\/gym-bag-china-manufacturer\/","title":{"rendered":"Gymv\u00e4ska Kina Tillverkare"},"content":{"rendered":"<h5 title=\"Vikbar hundv\u00e4ska Andningsbar axelv\u00e4ska f\u00f6r husdjur i mesh f\u00f6r sm\u00e5 husdjur Hundar Katter\" data-immersive-translate-walked=\"1c928421-2e42-4cd3-8754-5404553c0af5\" data-immersive-translate-paragraph=\"1\" data-spm-anchor-id=\"a2700.details.0.i35.4f6757d4w4zNZA\">Topp ryggs\u00e4ck tillverkare &amp; vattent\u00e4t v\u00e4ska fabrik | Premier Gym Bag Kina tillverkare<\/h5>\n<div class=\"flex flex-grow flex-col max-w-full\">\n<div class=\"min-h-[20px] text-message flex w-full flex-col items-end gap-2 whitespace-pre-wrap break-words [.text-message+&amp;]:mt-5 overflow-x-auto\" dir=\"auto\" data-message-author-role=\"assistant\" data-message-id=\"3d7d46f6-7ec2-4222-9257-48fa0bba23c6\" data-suggestions=\"true\">\n<div class=\"flex w-full flex-col gap-1 empty:hidden first:pt-[3px]\">\n<div class=\"markdown prose w-full break-words dark:prose-invert light\">\n<p class=\"ds-markdown-paragraph\">Letar du efter en p\u00e5litlig Gym Bag China Tillverkare? Vi \u00e4r en ISO-certifierad Gym Bag-fabrik som specialiserat sig p\u00e5 premium sportv\u00e4skor f\u00f6r global Gym Bag-export. Som ditt direkta Gym Bag-f\u00f6retag erbjuder vi:<\/p>\n<table width=\"288\">\n<tbody>\n<tr>\n<td width=\"137\"><span style=\"color: #333333;\">Produkter Namn<\/span><\/td>\n<td width=\"151\">Br\u00f6stkorgsv\u00e4ska<\/td>\n<\/tr>\n<tr>\n<td><span style=\"color: #333333;\">Artikel nr.<\/span><\/td>\n<td><span style=\"color: #333333;\">PB-2152<\/span><\/td>\n<\/tr>\n<tr>\n<td><span style=\"color: #333333;\">Material<\/span><\/td>\n<td>900D polyester<\/td>\n<\/tr>\n<tr>\n<td><span style=\"color: #333333;\">Storlek<\/span><\/td>\n<td>55 x 27 x 25 cm<\/td>\n<\/tr>\n<tr>\n<td><span style=\"color: #333333;\">\u00a0Leveranstid<\/span><\/td>\n<td><span style=\"color: #333333;\">1-5 dagar f\u00f6r liten m\u00e4ngd med flyg och 30-35 dagar f\u00f6r stor m\u00e4ngd till sj\u00f6ss<\/span><\/td>\n<\/tr>\n<\/tbody>\n<\/table>\n<p class=\"ds-markdown-paragraph\">\u2705\u00a0<strong>Fabriksstyrd effektivitet<\/strong><br \/>\nK\u00e4lla Gym Bag bulkbest\u00e4llningar direkt fr\u00e5n v\u00e5rt Gym Bag China Manufacturer-nav - inga mellanh\u00e4nder, konkurrenskraftiga priser.<\/p>\n<p class=\"ds-markdown-paragraph\">\u2705\u00a0<strong>Fullst\u00e4ndig kundanpassning<\/strong><br \/>\nGym Bag ODM\/OEM + Gym Bag private label-tj\u00e4nster (MOQ 500 enheter)<\/p>\n<p class=\"ds-markdown-paragraph\">\u2705\u00a0<strong>Exportf\u00e4rdiga l\u00f6sningar<\/strong><br \/>\nS\u00f6ml\u00f6s gympap\u00e5se export med efterlevnad dokument &amp; logistik<\/p>\n<p class=\"ds-markdown-paragraph\"><strong>Varf\u00f6r globala partners v\u00e4ljer oss:<\/strong><br \/>\n- Partihandel Gym Bag bulk rabatter (500+\/2,000+ enheter)<br \/>\n- 20+ nya m\u00f6nster varje m\u00e5nad<br \/>\n- Gym Bag Leverant\u00f6rspartnerskap med drop-shipping<br \/>\n- 10-dagars snabb produktion f\u00f6r Gym Bag grossistkunder<\/p>\n<p class=\"ds-markdown-paragraph\">Som din dedikerade Gym Bag-leverant\u00f6r och Gym Bag China Manufacturer hanterar vi allt fr\u00e5n produktion till export. Beg\u00e4r fabrikspriss\u00e4ttning idag!<\/p>\n<\/div>\n<\/div>\n<\/div>\n<\/div>","protected":false},"excerpt":{"rendered":"<h2 class=\"this-description-name\">Gymv\u00e4ska Kina Tillverkare<\/h2>\n<div class=\"sliderTable mt10 mb10 sliderTable-index0\">\n<div class=\"inner\">\n<p><strong>1. Multifunktionell anv\u00e4ndning\uff1a. <\/strong>Denna 3 i 1 duffelv\u00e4ska kan anv\u00e4ndas som handv\u00e4ska, axelremsv\u00e4ska och ryggs\u00e4ck. En smart design \u00e4r att axelremmen \u00e4r avtagbar, och en annan smart design \u00e4r att ryggs\u00e4cksremmarna kan d\u00f6ljas i blixtl\u00e5sfacket l\u00e4ngst ner. Vilken cool design att ha tre v\u00e4skor p\u00e5 samma g\u00e5ng<\/p>\n<p><strong>2. Separat fack f\u00f6r skor och v\u00e5tficka \uff1a. <\/strong>Det separata skofacket \u00e4r utformat med ett lufth\u00e5l f\u00f6r att h\u00e5lla sportv\u00e4skan ren och ventilerad. Den maximala storleken p\u00e5 facket \u00e4r 16. V\u00e5tfickan med vattent\u00e4tt material kan f\u00f6rvara dina svettiga kl\u00e4der f\u00f6r att h\u00e5lla huvudfacket torrt. V\u00e4skan kan anv\u00e4ndas som en gymv\u00e4ska, en \u00f6vernattningsv\u00e4ska, en weekendv\u00e4ska och en resev\u00e4ska.<\/p>\n<\/div>\n<\/div>","protected":false},"featured_media":4752,"template":"","meta":{"_uag_custom_page_level_css":""},"product_brand":[],"product_cat":[56,67],"product_tag":[],"class_list":{"0":"post-4749","1":"product","2":"type-product","3":"status-publish","4":"has-post-thumbnail","6":"product_cat-gym-bag","7":"product_cat-sports-bag","9":"first","10":"instock","11":"shipping-taxable","12":"product-type-simple"},"uagb_featured_image_src":{"full":["https:\/\/pecbag.com\/wp-content\/uploads\/2025\/07\/Gym-Bag-China-Manufacturer-2.jpeg",1400,1400,false],"thumbnail":["https:\/\/pecbag.com\/wp-content\/uploads\/2025\/07\/Gym-Bag-China-Manufacturer-2-150x150.jpeg",150,150,true],"medium":["https:\/\/pecbag.com\/wp-content\/uploads\/2025\/07\/Gym-Bag-China-Manufacturer-2-300x300.jpeg",300,300,true],"medium_large":["https:\/\/pecbag.com\/wp-content\/uploads\/2025\/07\/Gym-Bag-China-Manufacturer-2-768x768.jpeg",768,768,true],"large":["https:\/\/pecbag.com\/wp-content\/uploads\/2025\/07\/Gym-Bag-China-Manufacturer-2-1024x1024.jpeg",800,800,true],"1536x1536":["https:\/\/pecbag.com\/wp-content\/uploads\/2025\/07\/Gym-Bag-China-Manufacturer-2.jpeg",1400,1400,false],"2048x2048":["https:\/\/pecbag.com\/wp-content\/uploads\/2025\/07\/Gym-Bag-China-Manufacturer-2.jpeg",1400,1400,false],"trp-custom-language-flag":["https:\/\/pecbag.com\/wp-content\/uploads\/2025\/07\/Gym-Bag-China-Manufacturer-2-12x12.jpeg",12,12,true],"woocommerce_thumbnail":["https:\/\/pecbag.com\/wp-content\/uploads\/2025\/07\/Gym-Bag-China-Manufacturer-2-300x300.jpeg",300,300,true],"woocommerce_single":["https:\/\/pecbag.com\/wp-content\/uploads\/2025\/07\/Gym-Bag-China-Manufacturer-2-600x600.jpeg",600,600,true],"woocommerce_gallery_thumbnail":["https:\/\/pecbag.com\/wp-content\/uploads\/2025\/07\/Gym-Bag-China-Manufacturer-2-100x100.jpeg",100,100,true]},"uagb_author_info":{"display_name":"Lawrence","author_link":"https:\/\/pecbag.com\/se\/author\/"},"uagb_comment_info":0,"uagb_excerpt":"Gym Bag China Manufacturer 1. Multifunctional Use\uff1a This 3 in 1 duffel bag can be used as a Handbag, Shoulder Bag, and Backpack. One clever design is that the shoulder strap is removable, and another clever design is that the backpack straps can be hidden in the zipped compartment at the bottom. What a cool&hellip;","_links":{"self":[{"href":"https:\/\/pecbag.com\/se\/wp-json\/wp\/v2\/product\/4749","targetHints":{"allow":["GET"]}}],"collection":[{"href":"https:\/\/pecbag.com\/se\/wp-json\/wp\/v2\/product"}],"about":[{"href":"https:\/\/pecbag.com\/se\/wp-json\/wp\/v2\/types\/product"}],"wp:featuredmedia":[{"embeddable":true,"href":"https:\/\/pecbag.com\/se\/wp-json\/wp\/v2\/media\/4752"}],"wp:attachment":[{"href":"https:\/\/pecbag.com\/se\/wp-json\/wp\/v2\/media?parent=4749"}],"wp:term":[{"taxonomy":"product_brand","embeddable":true,"href":"https:\/\/pecbag.com\/se\/wp-json\/wp\/v2\/product_brand?post=4749"},{"taxonomy":"product_cat","embeddable":true,"href":"https:\/\/pecbag.com\/se\/wp-json\/wp\/v2\/product_cat?post=4749"},{"taxonomy":"product_tag","embeddable":true,"href":"https:\/\/pecbag.com\/se\/wp-json\/wp\/v2\/product_tag?post=4749"}],"curies":[{"name":"wp","href":"https:\/\/api.w.org\/{rel}","templated":true}]}}