{"id":5074,"date":"2025-07-22T02:35:26","date_gmt":"2025-07-22T02:35:26","guid":{"rendered":"https:\/\/pecbag.com\/?post_type=product&#038;p=5074"},"modified":"2025-11-28T09:29:02","modified_gmt":"2025-11-28T09:29:02","slug":"sea-fishing-bag-factories","status":"publish","type":"product","link":"https:\/\/pecbag.com\/se\/sea-fishing-bag-factories\/","title":{"rendered":"Fabriker f\u00f6r havsfiskev\u00e4skor"},"content":{"rendered":"<h5 title=\"Vikbar hundv\u00e4ska Andningsbar axelv\u00e4ska f\u00f6r husdjur i mesh f\u00f6r sm\u00e5 husdjur Hundar Katter\" data-immersive-translate-walked=\"1c928421-2e42-4cd3-8754-5404553c0af5\" data-immersive-translate-paragraph=\"1\" data-spm-anchor-id=\"a2700.details.0.i35.4f6757d4w4zNZA\">Saltvattenbest\u00e4ndig ryggs\u00e4ckstillverkare och vattent\u00e4t v\u00e4skfabrik | Professionella fabriker f\u00f6r havsfiskev\u00e4skor<\/h5>\n<div class=\"flex flex-grow flex-col max-w-full\">\n<div class=\"min-h-[20px] text-message flex w-full flex-col items-end gap-2 whitespace-pre-wrap break-words [.text-message+&amp;]:mt-5 overflow-x-auto\" dir=\"auto\" data-message-author-role=\"assistant\" data-message-id=\"3d7d46f6-7ec2-4222-9257-48fa0bba23c6\" data-suggestions=\"true\">\n<div class=\"flex w-full flex-col gap-1 empty:hidden first:pt-[3px]\">\n<div class=\"markdown prose w-full break-words dark:prose-invert light\">\n<p class=\"ds-markdown-paragraph\">Beh\u00f6ver du korrosionsbest\u00e4ndiga havsfiskev\u00e4skor fabriker?<\/p>\n<p class=\"ds-markdown-paragraph\">Som ISO-certifierade tillverkare av fiskev\u00e4skor och experter p\u00e5 vattent\u00e4ta v\u00e4skor i fiskev\u00e4skor i Kina konstruerar vi utrustning av marin kvalitet f\u00f6r globala varum\u00e4rken. Samarbeta med v\u00e5rt Fishing Bag Company f\u00f6r:<\/p>\n<table width=\"288\">\n<tbody>\n<tr>\n<td width=\"137\"><span style=\"color: #333333;\">Produkter Namn<\/span><\/td>\n<td width=\"151\">Fiskev\u00e4ska<\/td>\n<\/tr>\n<tr>\n<td><span style=\"color: #333333;\">Artikel nr.<\/span><\/td>\n<td><span style=\"color: #333333;\">PB-2164<\/span><\/td>\n<\/tr>\n<tr>\n<td><span style=\"color: #333333;\">Material<\/span><\/td>\n<td>Polyester<\/td>\n<\/tr>\n<tr>\n<td><span style=\"color: #333333;\">Storlek<\/span><\/td>\n<td>21,5 x 32 x 14 cm<\/td>\n<\/tr>\n<tr>\n<td><span style=\"color: #333333;\">\u00a0Leveranstid<\/span><\/td>\n<td><span style=\"color: #333333;\">1-5 dagar f\u00f6r liten m\u00e4ngd med flyg och 30-35 dagar f\u00f6r stor m\u00e4ngd till sj\u00f6ss<\/span><\/td>\n<\/tr>\n<\/tbody>\n<\/table>\n<p class=\"ds-markdown-paragraph\">\u2705\u00a0<strong>Ocean-redo prestanda<\/strong><br \/>\n- Saltvattenbest\u00e4ndiga havsfiskev\u00e4skor med dr\u00e4nerings\u00f6glor och rostfria blixtl\u00e5s<br \/>\n- Fishing Bag bulkbest\u00e4llningar fr\u00e5n 300 enheter (CRRC korrosionscertifierad)<\/p>\n<p class=\"ds-markdown-paragraph\">\u2705\u00a0<strong>Anpassning f\u00f6r saltvatten<\/strong><br \/>\nFiskev\u00e4ska ODM\/OEM + privat etikett<br \/>\nSp\u00f6h\u00e5llare\/\u00f6glor f\u00f6r dykutrustning (MOQ 300 st)<\/p>\n<p class=\"ds-markdown-paragraph\">\u2705\u00a0<strong>Redo f\u00f6r global export<\/strong><br \/>\nS\u00f6ml\u00f6s fiskev\u00e4ska Export med SGS testrapporter f\u00f6r saltspray<\/p>\n<p class=\"ds-markdown-paragraph\"><strong>Factory Edge:<\/strong><br \/>\n\u2714 Fiskev\u00e4ska bulkbesparingar: 25% rabatt p\u00e5 500+ enheter<br \/>\n\u2714 7-dagars prototyptillverkning med korrosionstester<br \/>\n\u2714 Fiskev\u00e4ska Leverant\u00f6rsportal: QC-streaming i realtid<br \/>\n\u2714 30 dagars produktion f\u00f6r program f\u00f6r fiskev\u00e4skgrossister<\/p>\n<p class=\"ds-markdown-paragraph\">Din p\u00e5litliga leverant\u00f6r av fiskev\u00e4skor - fr\u00e5n fabriker f\u00f6r havsfiskev\u00e4skor till globala bryggor.<\/p>\n<p class=\"ds-markdown-paragraph\">Beg\u00e4r en gratis testvideo f\u00f6r saltspray!<\/p>\n<\/div>\n<\/div>\n<\/div>\n<\/div>","protected":false},"excerpt":{"rendered":"<h2 class=\"this-description-name\">Fabriker f\u00f6r havsfiskev\u00e4skor<\/h2>\n<div class=\"sliderTable mt10 mb10 sliderTable-index0\">\n<div class=\"inner\">\n<p>1. Fiskev\u00e4ska med stor kapacitet, kan anv\u00e4ndas f\u00f6r att lagra fiskerullar, beten, t\u00e4nger, krokar, l\u00e5dor och andra fiskeredskap.<br \/>\n2. Tillverkad av h\u00f6gkvalitativ polyester, vattent\u00e4t och rivbest\u00e4ndig, slitstark och h\u00e5llbar, den har l\u00e5ng livsl\u00e4ngd.<br \/>\n3. Fickor med dragkedja framtill och p\u00e5 sidorna h\u00e5ller sakerna organiserade och s\u00e4kra, l\u00e4tta att \u00f6ppna och st\u00e4nga.<br \/>\n4. Avtagbar justerbar axelrem, bekv\u00e4m att b\u00e4ra, kan anv\u00e4ndas som axelremsv\u00e4ska eller som fickor.<br \/>\n5. N\u00e4tficka, l\u00e4tt att komma \u00e5t sm\u00e5 tillbeh\u00f6r, kan effektivt f\u00f6rvara fiskerullar.<\/p>\n<\/div>\n<\/div>","protected":false},"featured_media":5080,"template":"","meta":{"_uag_custom_page_level_css":""},"product_brand":[],"product_cat":[46,64],"product_tag":[],"class_list":{"0":"post-5074","1":"product","2":"type-product","3":"status-publish","4":"has-post-thumbnail","6":"product_cat-fishing-bag","7":"product_cat-shoulder-bag","9":"first","10":"instock","11":"shipping-taxable","12":"product-type-simple"},"uagb_featured_image_src":{"full":["https:\/\/pecbag.com\/wp-content\/uploads\/2025\/07\/Sea-Fishing-Bag-Factories-3.jpg",960,960,false],"thumbnail":["https:\/\/pecbag.com\/wp-content\/uploads\/2025\/07\/Sea-Fishing-Bag-Factories-3-150x150.jpg",150,150,true],"medium":["https:\/\/pecbag.com\/wp-content\/uploads\/2025\/07\/Sea-Fishing-Bag-Factories-3-300x300.jpg",300,300,true],"medium_large":["https:\/\/pecbag.com\/wp-content\/uploads\/2025\/07\/Sea-Fishing-Bag-Factories-3-768x768.jpg",768,768,true],"large":["https:\/\/pecbag.com\/wp-content\/uploads\/2025\/07\/Sea-Fishing-Bag-Factories-3.jpg",800,800,false],"1536x1536":["https:\/\/pecbag.com\/wp-content\/uploads\/2025\/07\/Sea-Fishing-Bag-Factories-3.jpg",960,960,false],"2048x2048":["https:\/\/pecbag.com\/wp-content\/uploads\/2025\/07\/Sea-Fishing-Bag-Factories-3.jpg",960,960,false],"trp-custom-language-flag":["https:\/\/pecbag.com\/wp-content\/uploads\/2025\/07\/Sea-Fishing-Bag-Factories-3-12x12.jpg",12,12,true],"woocommerce_thumbnail":["https:\/\/pecbag.com\/wp-content\/uploads\/2025\/07\/Sea-Fishing-Bag-Factories-3-300x300.jpg",300,300,true],"woocommerce_single":["https:\/\/pecbag.com\/wp-content\/uploads\/2025\/07\/Sea-Fishing-Bag-Factories-3-600x600.jpg",600,600,true],"woocommerce_gallery_thumbnail":["https:\/\/pecbag.com\/wp-content\/uploads\/2025\/07\/Sea-Fishing-Bag-Factories-3-100x100.jpg",100,100,true]},"uagb_author_info":{"display_name":"Lawrence","author_link":"https:\/\/pecbag.com\/se\/author\/"},"uagb_comment_info":0,"uagb_excerpt":"Sea Fishing Bag Factories 1. Fishing bag with large capacity, can be used to store fishing reels, baits, pliers, hooks, boxes, and other fishing gear. 2. Made of high-quality polyester, waterproof and tear\u2011resistant, wear\u2011resistant and durable, it has a long service life. 3. Zipper front\/side pockets keep things organized and safe, easy to open and&hellip;","_links":{"self":[{"href":"https:\/\/pecbag.com\/se\/wp-json\/wp\/v2\/product\/5074","targetHints":{"allow":["GET"]}}],"collection":[{"href":"https:\/\/pecbag.com\/se\/wp-json\/wp\/v2\/product"}],"about":[{"href":"https:\/\/pecbag.com\/se\/wp-json\/wp\/v2\/types\/product"}],"wp:featuredmedia":[{"embeddable":true,"href":"https:\/\/pecbag.com\/se\/wp-json\/wp\/v2\/media\/5080"}],"wp:attachment":[{"href":"https:\/\/pecbag.com\/se\/wp-json\/wp\/v2\/media?parent=5074"}],"wp:term":[{"taxonomy":"product_brand","embeddable":true,"href":"https:\/\/pecbag.com\/se\/wp-json\/wp\/v2\/product_brand?post=5074"},{"taxonomy":"product_cat","embeddable":true,"href":"https:\/\/pecbag.com\/se\/wp-json\/wp\/v2\/product_cat?post=5074"},{"taxonomy":"product_tag","embeddable":true,"href":"https:\/\/pecbag.com\/se\/wp-json\/wp\/v2\/product_tag?post=5074"}],"curies":[{"name":"wp","href":"https:\/\/api.w.org\/{rel}","templated":true}]}}